{"id":171,"date":"2022-08-30T18:07:54","date_gmt":"2022-08-30T18:07:54","guid":{"rendered":"https:\/\/costaricachannel.org\/?page_id=171"},"modified":"2022-08-30T18:29:40","modified_gmt":"2022-08-30T18:29:40","slug":"elementor-171","status":"publish","type":"page","link":"https:\/\/costaricachannel.org\/index.php\/elementor-171\/","title":{"rendered":"Elementor #171"},"content":{"rendered":"\t\t<div data-elementor-type=\"wp-post\" data-elementor-id=\"171\" class=\"elementor elementor-171\">\n\t\t\t\t\t\t<section class=\"elementor-section elementor-top-section elementor-element elementor-element-5ea6909 elementor-section-boxed elementor-section-height-default elementor-section-height-default\" data-id=\"5ea6909\" data-element_type=\"section\" data-e-type=\"section\">\n\t\t\t\t\t\t<div class=\"elementor-container elementor-column-gap-default\">\n\t\t\t\t\t<div class=\"elementor-column elementor-col-100 elementor-top-column elementor-element elementor-element-a9cb99a\" data-id=\"a9cb99a\" data-element_type=\"column\" data-e-type=\"column\">\n\t\t\t<div class=\"elementor-widget-wrap elementor-element-populated\">\n\t\t\t\t\t\t<div class=\"elementor-element elementor-element-98f32c7 elementor-drop-cap-yes elementor-drop-cap-view-default elementor-widget elementor-widget-text-editor\" data-id=\"98f32c7\" data-element_type=\"widget\" data-e-type=\"widget\" data-settings=\"{&quot;drop_cap&quot;:&quot;yes&quot;}\" data-widget_type=\"text-editor.default\">\n\t\t\t\t<div class=\"elementor-widget-container\">\n\t\t\t\t\t\t\t\t\t<ul><li><strong>ENCU\u00c9NTRANOS EN:<\/strong><br \/>1. <strong>Televisi\u00f3n Nacional:<\/strong> Canal 31.4<br \/>2. <strong>Telecable:<\/strong> Canal 400<br \/>3. <strong>Tico Linea:<\/strong> Canal 226<br \/>4. <strong>Aplicaci\u00f3n Vivalive Tv:<\/strong> Canal 329<br \/>5. <strong>Aplicaci\u00f3n:<\/strong> Stream Uno Tv<br \/>6. <strong>Facebook:<\/strong> Costa Rica Channel\u00a0<br \/>7. <strong>YouTube:<\/strong> Costa Rica Channel\u00a0<br \/>8. <strong>Instagram:<\/strong> Costa Rica Channel\u00a0<br \/>9. <strong>WhatsApp:<\/strong> 8455 04 00<\/li><\/ul>\t\t\t\t\t\t\t\t<\/div>\n\t\t\t\t<\/div>\n\t\t\t\t\t<\/div>\n\t\t<\/div>\n\t\t\t\t\t<\/div>\n\t\t<\/section>\n\t\t\t\t<\/div>\n\t\t","protected":false},"excerpt":{"rendered":"<p>ENCU\u00c9NTRANOS EN:1. Televisi\u00f3n Nacional: Canal 31.42. Telecable: Canal 4003. Tico Linea: Canal 2264. Aplicaci\u00f3n Vivalive Tv: Canal 3295. Aplicaci\u00f3n: Stream Uno Tv6. Facebook: Costa Rica Channel\u00a07. YouTube: Costa Rica Channel\u00a08. Instagram: Costa Rica Channel\u00a09. WhatsApp: 8455 04 00<\/p>\n","protected":false},"author":2,"featured_media":0,"parent":0,"menu_order":0,"comment_status":"closed","ping_status":"closed","template":"","meta":{"inspiro_hide_title":false,"footnotes":""},"class_list":["post-171","page","type-page","status-publish","hentry"],"featured_media_urls":[],"_links":{"self":[{"href":"https:\/\/costaricachannel.org\/index.php\/wp-json\/wp\/v2\/pages\/171","targetHints":{"allow":["GET"]}}],"collection":[{"href":"https:\/\/costaricachannel.org\/index.php\/wp-json\/wp\/v2\/pages"}],"about":[{"href":"https:\/\/costaricachannel.org\/index.php\/wp-json\/wp\/v2\/types\/page"}],"author":[{"embeddable":true,"href":"https:\/\/costaricachannel.org\/index.php\/wp-json\/wp\/v2\/users\/2"}],"replies":[{"embeddable":true,"href":"https:\/\/costaricachannel.org\/index.php\/wp-json\/wp\/v2\/comments?post=171"}],"version-history":[{"count":10,"href":"https:\/\/costaricachannel.org\/index.php\/wp-json\/wp\/v2\/pages\/171\/revisions"}],"predecessor-version":[{"id":188,"href":"https:\/\/costaricachannel.org\/index.php\/wp-json\/wp\/v2\/pages\/171\/revisions\/188"}],"wp:attachment":[{"href":"https:\/\/costaricachannel.org\/index.php\/wp-json\/wp\/v2\/media?parent=171"}],"curies":[{"name":"wp","href":"https:\/\/api.w.org\/{rel}","templated":true}]}}